{"id":23,"date":"2017-06-25T15:14:49","date_gmt":"2017-06-25T13:14:49","guid":{"rendered":"http:\/\/newafilm.net\/en\/?page_id=23"},"modified":"2026-01-10T17:23:36","modified_gmt":"2026-01-10T16:23:36","slug":"hevi-hope","status":"publish","type":"page","link":"https:\/\/newafilm.net\/en\/hevi-hope\/","title":{"rendered":"H\u00caV\u00ce &#8211; Hope"},"content":{"rendered":"<div style=\"background-color: #ddd9e2;\">\n<h1>H\u00caV\u00ce &#8211; Hope<\/h1>\n<p><img loading=\"lazy\" decoding=\"async\" class=\"aligncenter wp-image-361 size-full\" src=\"http:\/\/newafilm.net\/en\/wp-content\/uploads\/sites\/2\/2017\/07\/hevi.jpg\" alt=\"\" width=\"949\" height=\"534\" srcset=\"https:\/\/newafilm.net\/en\/wp-content\/uploads\/sites\/2\/2017\/07\/hevi.jpg 949w, https:\/\/newafilm.net\/en\/wp-content\/uploads\/sites\/2\/2017\/07\/hevi-300x169.jpg 300w, https:\/\/newafilm.net\/en\/wp-content\/uploads\/sites\/2\/2017\/07\/hevi-768x432.jpg 768w\" sizes=\"auto, (max-width: 949px) 100vw, 949px\" \/><br \/>\n<div class='content-column one_half'><div style=\"padding:10px 10px 10px 15px;\"><p>What the women of a nation denied from all basic rights would do to oppose all kinds of oppressions? H\u00eav\u00ee is a film about 4 kurdish women found different answers for this question, covers their struggles and taking place in the cities of Berlin, Paris, Rotterdam, Istanbul, Ankara, Dersim, Amed\/Diyarbak\u0131r alongside Qandil mountains.<\/p>\n<p>H\u00eav\u00ee talks about personal experiences of human rights defender and lawyer Eren Keskin who witnessed counless events where sexual violence as a war policy used against the women by the state perpetrators during the height of the war between the Kurdish Guerillas and Turkish States in the 90s.<\/p>\n<p>Politicians G\u00fclten K\u0131\u015fanak and Aysel Tu\u011fluk talks about the hunger strike protest took place in autumn 2012 which is participated by throusands of poltical prisoneers. They also talk about struggle of the Kurds in participating the democratik politics despite the continues pressure they receive from the state and the price they paid for.<\/p>\n<p>And its a journey into the life of a heroic former guerilla fighter Sakine Cans\u0131z, who was killed with her 2 female comrades in Paris in January 2013, short time before we plan to interview her for this film.<\/p><\/div><\/div><\/p>\n<div class='content-column one_half last_column'><div style=\"padding:10px 10px 10px 10px;\"><p><strong>Documentary<\/strong> 2013, HD, 99 min.<\/p>\n<p><strong>Book &amp; Director:<\/strong> Y\u00fcksel Yavuz<\/p>\n<p><strong>Camera:<\/strong> Cemil K\u0131z\u0131lda\u011f<\/p>\n<p><strong>Editing:<\/strong> Cemil K\u0131z\u0131lda\u011f, Franziska von Berlepsch<\/p>\n<p><strong>Funding:<\/strong> Filmf\u00f6rderung Hamburg Schleswig-Holstein, Medienboard Berlin-Brandenburg<\/p>\n<p><strong>Distribition: <\/strong>Newa Film<\/p>\n<p><strong>Start:<\/strong> 06.03.2014<\/p>\n<div class=\"elastic-video\">\n<p><iframe loading=\"lazy\" title=\"H\u00caV\u00ce-Hope\" width=\"640\" height=\"360\" src=\"https:\/\/www.youtube.com\/embed\/gAWLBG5mAu0?feature=oembed\" frameborder=\"0\" allow=\"accelerometer; autoplay; clipboard-write; encrypted-media; gyroscope; picture-in-picture; web-share\" referrerpolicy=\"strict-origin-when-cross-origin\" allowfullscreen><\/iframe><\/p>\n<\/div>\n<p>&nbsp;<\/p>\n<p>&nbsp;<\/p><\/div><\/div><div class='clear_column'><\/div>\n<\/div>\n","protected":false},"excerpt":{"rendered":"<p>H\u00caV\u00ce &#8211; Hope<\/p>\n","protected":false},"author":1,"featured_media":0,"parent":0,"menu_order":0,"comment_status":"closed","ping_status":"closed","template":"","meta":{"footnotes":""},"class_list":["post-23","page","type-page","status-publish","hentry"],"yoast_head":"<!-- This site is optimized with the Yoast SEO plugin v26.8 - https:\/\/yoast.com\/product\/yoast-seo-wordpress\/ -->\n<title>H\u00caV\u00ce - Hope - NEWA FILM<\/title>\n<meta name=\"robots\" content=\"index, follow, max-snippet:-1, max-image-preview:large, max-video-preview:-1\" \/>\n<link rel=\"canonical\" href=\"https:\/\/newafilm.net\/en\/hevi-hope\/\" \/>\n<meta property=\"og:locale\" content=\"en_GB\" \/>\n<meta property=\"og:type\" content=\"article\" \/>\n<meta property=\"og:title\" content=\"H\u00caV\u00ce - Hope - NEWA FILM\" \/>\n<meta property=\"og:description\" content=\"H\u00caV\u00ce &#8211; Hope\" \/>\n<meta property=\"og:url\" content=\"https:\/\/newafilm.net\/en\/hevi-hope\/\" \/>\n<meta property=\"og:site_name\" content=\"NEWA FILM\" \/>\n<meta property=\"article:modified_time\" content=\"2026-01-10T16:23:36+00:00\" \/>\n<meta property=\"og:image\" content=\"https:\/\/newafilm.net\/en\/wp-content\/uploads\/sites\/2\/2017\/07\/hevi.jpg\" \/>\n\t<meta property=\"og:image:width\" content=\"949\" \/>\n\t<meta property=\"og:image:height\" content=\"534\" \/>\n\t<meta property=\"og:image:type\" content=\"image\/jpeg\" \/>\n<meta name=\"twitter:card\" content=\"summary_large_image\" \/>\n<meta name=\"twitter:label1\" content=\"Estimated reading time\" \/>\n\t<meta name=\"twitter:data1\" content=\"2 minutes\" \/>\n<script type=\"application\/ld+json\" class=\"yoast-schema-graph\">{\"@context\":\"https:\/\/schema.org\",\"@graph\":[{\"@type\":\"WebPage\",\"@id\":\"https:\/\/newafilm.net\/en\/hevi-hope\/\",\"url\":\"https:\/\/newafilm.net\/en\/hevi-hope\/\",\"name\":\"H\u00caV\u00ce - Hope - NEWA FILM\",\"isPartOf\":{\"@id\":\"https:\/\/newafilm.net\/en\/#website\"},\"primaryImageOfPage\":{\"@id\":\"https:\/\/newafilm.net\/en\/hevi-hope\/#primaryimage\"},\"image\":{\"@id\":\"https:\/\/newafilm.net\/en\/hevi-hope\/#primaryimage\"},\"thumbnailUrl\":\"http:\/\/newafilm.net\/en\/wp-content\/uploads\/sites\/2\/2017\/07\/hevi.jpg\",\"datePublished\":\"2017-06-25T13:14:49+00:00\",\"dateModified\":\"2026-01-10T16:23:36+00:00\",\"breadcrumb\":{\"@id\":\"https:\/\/newafilm.net\/en\/hevi-hope\/#breadcrumb\"},\"inLanguage\":\"en-GB\",\"potentialAction\":[{\"@type\":\"ReadAction\",\"target\":[\"https:\/\/newafilm.net\/en\/hevi-hope\/\"]}]},{\"@type\":\"ImageObject\",\"inLanguage\":\"en-GB\",\"@id\":\"https:\/\/newafilm.net\/en\/hevi-hope\/#primaryimage\",\"url\":\"https:\/\/newafilm.net\/en\/wp-content\/uploads\/sites\/2\/2017\/07\/hevi.jpg\",\"contentUrl\":\"https:\/\/newafilm.net\/en\/wp-content\/uploads\/sites\/2\/2017\/07\/hevi.jpg\",\"width\":949,\"height\":534},{\"@type\":\"BreadcrumbList\",\"@id\":\"https:\/\/newafilm.net\/en\/hevi-hope\/#breadcrumb\",\"itemListElement\":[{\"@type\":\"ListItem\",\"position\":1,\"name\":\"Start\",\"item\":\"https:\/\/newafilm.net\/en\/\"},{\"@type\":\"ListItem\",\"position\":2,\"name\":\"H\u00caV\u00ce &#8211; Hope\"}]},{\"@type\":\"WebSite\",\"@id\":\"https:\/\/newafilm.net\/en\/#website\",\"url\":\"https:\/\/newafilm.net\/en\/\",\"name\":\"NEWA FILM\",\"description\":\"english\",\"potentialAction\":[{\"@type\":\"SearchAction\",\"target\":{\"@type\":\"EntryPoint\",\"urlTemplate\":\"https:\/\/newafilm.net\/en\/?s={search_term_string}\"},\"query-input\":{\"@type\":\"PropertyValueSpecification\",\"valueRequired\":true,\"valueName\":\"search_term_string\"}}],\"inLanguage\":\"en-GB\"}]}<\/script>\n<!-- \/ Yoast SEO plugin. -->","yoast_head_json":{"title":"H\u00caV\u00ce - Hope - NEWA FILM","robots":{"index":"index","follow":"follow","max-snippet":"max-snippet:-1","max-image-preview":"max-image-preview:large","max-video-preview":"max-video-preview:-1"},"canonical":"https:\/\/newafilm.net\/en\/hevi-hope\/","og_locale":"en_GB","og_type":"article","og_title":"H\u00caV\u00ce - Hope - NEWA FILM","og_description":"H\u00caV\u00ce &#8211; Hope","og_url":"https:\/\/newafilm.net\/en\/hevi-hope\/","og_site_name":"NEWA FILM","article_modified_time":"2026-01-10T16:23:36+00:00","og_image":[{"width":949,"height":534,"url":"https:\/\/newafilm.net\/en\/wp-content\/uploads\/sites\/2\/2017\/07\/hevi.jpg","type":"image\/jpeg"}],"twitter_card":"summary_large_image","twitter_misc":{"Estimated reading time":"2 minutes"},"schema":{"@context":"https:\/\/schema.org","@graph":[{"@type":"WebPage","@id":"https:\/\/newafilm.net\/en\/hevi-hope\/","url":"https:\/\/newafilm.net\/en\/hevi-hope\/","name":"H\u00caV\u00ce - Hope - NEWA FILM","isPartOf":{"@id":"https:\/\/newafilm.net\/en\/#website"},"primaryImageOfPage":{"@id":"https:\/\/newafilm.net\/en\/hevi-hope\/#primaryimage"},"image":{"@id":"https:\/\/newafilm.net\/en\/hevi-hope\/#primaryimage"},"thumbnailUrl":"http:\/\/newafilm.net\/en\/wp-content\/uploads\/sites\/2\/2017\/07\/hevi.jpg","datePublished":"2017-06-25T13:14:49+00:00","dateModified":"2026-01-10T16:23:36+00:00","breadcrumb":{"@id":"https:\/\/newafilm.net\/en\/hevi-hope\/#breadcrumb"},"inLanguage":"en-GB","potentialAction":[{"@type":"ReadAction","target":["https:\/\/newafilm.net\/en\/hevi-hope\/"]}]},{"@type":"ImageObject","inLanguage":"en-GB","@id":"https:\/\/newafilm.net\/en\/hevi-hope\/#primaryimage","url":"https:\/\/newafilm.net\/en\/wp-content\/uploads\/sites\/2\/2017\/07\/hevi.jpg","contentUrl":"https:\/\/newafilm.net\/en\/wp-content\/uploads\/sites\/2\/2017\/07\/hevi.jpg","width":949,"height":534},{"@type":"BreadcrumbList","@id":"https:\/\/newafilm.net\/en\/hevi-hope\/#breadcrumb","itemListElement":[{"@type":"ListItem","position":1,"name":"Start","item":"https:\/\/newafilm.net\/en\/"},{"@type":"ListItem","position":2,"name":"H\u00caV\u00ce &#8211; Hope"}]},{"@type":"WebSite","@id":"https:\/\/newafilm.net\/en\/#website","url":"https:\/\/newafilm.net\/en\/","name":"NEWA FILM","description":"english","potentialAction":[{"@type":"SearchAction","target":{"@type":"EntryPoint","urlTemplate":"https:\/\/newafilm.net\/en\/?s={search_term_string}"},"query-input":{"@type":"PropertyValueSpecification","valueRequired":true,"valueName":"search_term_string"}}],"inLanguage":"en-GB"}]}},"_links":{"self":[{"href":"https:\/\/newafilm.net\/en\/wp-json\/wp\/v2\/pages\/23","targetHints":{"allow":["GET"]}}],"collection":[{"href":"https:\/\/newafilm.net\/en\/wp-json\/wp\/v2\/pages"}],"about":[{"href":"https:\/\/newafilm.net\/en\/wp-json\/wp\/v2\/types\/page"}],"author":[{"embeddable":true,"href":"https:\/\/newafilm.net\/en\/wp-json\/wp\/v2\/users\/1"}],"replies":[{"embeddable":true,"href":"https:\/\/newafilm.net\/en\/wp-json\/wp\/v2\/comments?post=23"}],"version-history":[{"count":18,"href":"https:\/\/newafilm.net\/en\/wp-json\/wp\/v2\/pages\/23\/revisions"}],"predecessor-version":[{"id":518,"href":"https:\/\/newafilm.net\/en\/wp-json\/wp\/v2\/pages\/23\/revisions\/518"}],"wp:attachment":[{"href":"https:\/\/newafilm.net\/en\/wp-json\/wp\/v2\/media?parent=23"}],"curies":[{"name":"wp","href":"https:\/\/api.w.org\/{rel}","templated":true}]}}