{"id":29,"date":"2017-06-25T15:22:21","date_gmt":"2017-06-25T13:22:21","guid":{"rendered":"http:\/\/newafilm.net\/en\/?page_id=29"},"modified":"2026-01-10T16:58:48","modified_gmt":"2026-01-10T15:58:48","slug":"kardes-turkuler-songs-of-fraternity","status":"publish","type":"page","link":"https:\/\/newafilm.net\/en\/kardes-turkuler-songs-of-fraternity\/","title":{"rendered":"Kardes T\u00fcrk\u00fcler \u2013 Songs of Fraternity"},"content":{"rendered":"<div style=\"background-color: #edf4f3;\">\n<h1>Kardes T\u00fcrk\u00fcler \u2013 Songs of Fraternity<\/h1>\n<p><img loading=\"lazy\" decoding=\"async\" class=\"aligncenter wp-image-191 size-full\" src=\"http:\/\/newafilm.net\/wp-content\/uploads\/2017\/06\/newa-film_kardes-tuerkueler_01.jpg\" alt=\"\" width=\"970\" height=\"544\" \/><br \/>\n<div class='content-column one_half'><div style=\"padding:10px 10px 10px 15px;\">This is the story of young people who discovered the power in traditional music in terms of strengthening societal peace and intercultural communication at a time when ethnic polarization and identity struggles in the country were highly intense. The film will follow the 22 year old band Karde\u015f T\u00fcrk\u00fcler during the production of their 8th album. The history of the band will be told through anectodal stories that come up while they are working, and it will be interwowen with a political history of Turkey of last two decades.<\/p>\n<p>Karde\u015f T\u00fcrk\u00fcler has made a video clip for a Kurdish song in a time that was impossible to have Kurdish on TV, and even in public space; they raised their voice after tragic events such as the 1993 Sivas Massacre of 33 intellectuals and artists and the murder of the Armenian journalist Hrant Dink in 2007; they not only actively took part in the struggle against femicide, the support of the oppressed communities and the fight for social peace but also assembled them into their art.<\/p><\/div><\/div><div class='content-column one_half last_column'><div style=\"padding:10px 10px 10px 15px;\"><strong>Book &amp; Direction:<\/strong> \u00c7ayan Demirel &amp; Ay\u015fe \u00c7etinba\u015f<\/p>\n<p><strong>Coproduction:<\/strong> Surela Film &amp; Newa Film<\/p>\n<p><strong>Funding:<\/strong> Ministry of Culture and Tourism Turkey, German- Turkish Co-Production Development Fund, New Film Fund<\/p>\n<p><strong>Festivals \/ Awards:<\/strong> 2025, Jury Special, 32. Internationale Adana Film Festival<\/p><\/div><\/div><div class='clear_column'><\/div><\/p>\n<p><img loading=\"lazy\" decoding=\"async\" class=\"aligncenter wp-image-192 size-full\" src=\"http:\/\/newafilm.net\/wp-content\/uploads\/2017\/06\/newa-film_kardes-tuerkueler_02.jpg\" alt=\"\" width=\"970\" height=\"544\" \/><\/p>\n<\/div>\n","protected":false},"excerpt":{"rendered":"<p>Kardes T\u00fcrk\u00fcler \u2013 Songs of Fraternity<\/p>\n","protected":false},"author":1,"featured_media":0,"parent":0,"menu_order":0,"comment_status":"closed","ping_status":"closed","template":"","meta":{"footnotes":""},"class_list":["post-29","page","type-page","status-publish","hentry"],"yoast_head":"<!-- This site is optimized with the Yoast SEO plugin v26.8 - https:\/\/yoast.com\/product\/yoast-seo-wordpress\/ -->\n<title>Kardes T\u00fcrk\u00fcler \u2013 Songs of Fraternity - NEWA FILM<\/title>\n<meta name=\"robots\" content=\"index, follow, max-snippet:-1, max-image-preview:large, max-video-preview:-1\" \/>\n<link rel=\"canonical\" href=\"https:\/\/newafilm.net\/en\/kardes-turkuler-songs-of-fraternity\/\" \/>\n<meta property=\"og:locale\" content=\"en_GB\" \/>\n<meta property=\"og:type\" content=\"article\" \/>\n<meta property=\"og:title\" content=\"Kardes T\u00fcrk\u00fcler \u2013 Songs of Fraternity - NEWA FILM\" \/>\n<meta property=\"og:description\" content=\"Kardes T\u00fcrk\u00fcler \u2013 Songs of Fraternity\" \/>\n<meta property=\"og:url\" content=\"https:\/\/newafilm.net\/en\/kardes-turkuler-songs-of-fraternity\/\" \/>\n<meta property=\"og:site_name\" content=\"NEWA FILM\" \/>\n<meta property=\"article:modified_time\" content=\"2026-01-10T15:58:48+00:00\" \/>\n<meta property=\"og:image\" content=\"https:\/\/newafilm.net\/en\/wp-content\/uploads\/sites\/2\/2017\/06\/Foto-Ferit-Karahan-1.jpg\" \/>\n\t<meta property=\"og:image:width\" content=\"798\" \/>\n\t<meta property=\"og:image:height\" content=\"826\" \/>\n\t<meta property=\"og:image:type\" content=\"image\/jpeg\" \/>\n<meta name=\"twitter:card\" content=\"summary_large_image\" \/>\n<meta name=\"twitter:label1\" content=\"Estimated reading time\" \/>\n\t<meta name=\"twitter:data1\" content=\"2 minutes\" \/>\n<script type=\"application\/ld+json\" class=\"yoast-schema-graph\">{\"@context\":\"https:\/\/schema.org\",\"@graph\":[{\"@type\":\"WebPage\",\"@id\":\"https:\/\/newafilm.net\/en\/kardes-turkuler-songs-of-fraternity\/\",\"url\":\"https:\/\/newafilm.net\/en\/kardes-turkuler-songs-of-fraternity\/\",\"name\":\"Kardes T\u00fcrk\u00fcler \u2013 Songs of Fraternity - NEWA FILM\",\"isPartOf\":{\"@id\":\"https:\/\/newafilm.net\/en\/#website\"},\"primaryImageOfPage\":{\"@id\":\"https:\/\/newafilm.net\/en\/kardes-turkuler-songs-of-fraternity\/#primaryimage\"},\"image\":{\"@id\":\"https:\/\/newafilm.net\/en\/kardes-turkuler-songs-of-fraternity\/#primaryimage\"},\"thumbnailUrl\":\"http:\/\/newafilm.net\/wp-content\/uploads\/2017\/06\/newa-film_kardes-tuerkueler_01.jpg\",\"datePublished\":\"2017-06-25T13:22:21+00:00\",\"dateModified\":\"2026-01-10T15:58:48+00:00\",\"breadcrumb\":{\"@id\":\"https:\/\/newafilm.net\/en\/kardes-turkuler-songs-of-fraternity\/#breadcrumb\"},\"inLanguage\":\"en-GB\",\"potentialAction\":[{\"@type\":\"ReadAction\",\"target\":[\"https:\/\/newafilm.net\/en\/kardes-turkuler-songs-of-fraternity\/\"]}]},{\"@type\":\"ImageObject\",\"inLanguage\":\"en-GB\",\"@id\":\"https:\/\/newafilm.net\/en\/kardes-turkuler-songs-of-fraternity\/#primaryimage\",\"url\":\"http:\/\/newafilm.net\/wp-content\/uploads\/2017\/06\/newa-film_kardes-tuerkueler_01.jpg\",\"contentUrl\":\"http:\/\/newafilm.net\/wp-content\/uploads\/2017\/06\/newa-film_kardes-tuerkueler_01.jpg\"},{\"@type\":\"BreadcrumbList\",\"@id\":\"https:\/\/newafilm.net\/en\/kardes-turkuler-songs-of-fraternity\/#breadcrumb\",\"itemListElement\":[{\"@type\":\"ListItem\",\"position\":1,\"name\":\"Start\",\"item\":\"https:\/\/newafilm.net\/en\/\"},{\"@type\":\"ListItem\",\"position\":2,\"name\":\"Kardes T\u00fcrk\u00fcler \u2013 Songs of Fraternity\"}]},{\"@type\":\"WebSite\",\"@id\":\"https:\/\/newafilm.net\/en\/#website\",\"url\":\"https:\/\/newafilm.net\/en\/\",\"name\":\"NEWA FILM\",\"description\":\"english\",\"potentialAction\":[{\"@type\":\"SearchAction\",\"target\":{\"@type\":\"EntryPoint\",\"urlTemplate\":\"https:\/\/newafilm.net\/en\/?s={search_term_string}\"},\"query-input\":{\"@type\":\"PropertyValueSpecification\",\"valueRequired\":true,\"valueName\":\"search_term_string\"}}],\"inLanguage\":\"en-GB\"}]}<\/script>\n<!-- \/ Yoast SEO plugin. -->","yoast_head_json":{"title":"Kardes T\u00fcrk\u00fcler \u2013 Songs of Fraternity - NEWA FILM","robots":{"index":"index","follow":"follow","max-snippet":"max-snippet:-1","max-image-preview":"max-image-preview:large","max-video-preview":"max-video-preview:-1"},"canonical":"https:\/\/newafilm.net\/en\/kardes-turkuler-songs-of-fraternity\/","og_locale":"en_GB","og_type":"article","og_title":"Kardes T\u00fcrk\u00fcler \u2013 Songs of Fraternity - NEWA FILM","og_description":"Kardes T\u00fcrk\u00fcler \u2013 Songs of Fraternity","og_url":"https:\/\/newafilm.net\/en\/kardes-turkuler-songs-of-fraternity\/","og_site_name":"NEWA FILM","article_modified_time":"2026-01-10T15:58:48+00:00","og_image":[{"width":798,"height":826,"url":"https:\/\/newafilm.net\/en\/wp-content\/uploads\/sites\/2\/2017\/06\/Foto-Ferit-Karahan-1.jpg","type":"image\/jpeg"}],"twitter_card":"summary_large_image","twitter_misc":{"Estimated reading time":"2 minutes"},"schema":{"@context":"https:\/\/schema.org","@graph":[{"@type":"WebPage","@id":"https:\/\/newafilm.net\/en\/kardes-turkuler-songs-of-fraternity\/","url":"https:\/\/newafilm.net\/en\/kardes-turkuler-songs-of-fraternity\/","name":"Kardes T\u00fcrk\u00fcler \u2013 Songs of Fraternity - NEWA FILM","isPartOf":{"@id":"https:\/\/newafilm.net\/en\/#website"},"primaryImageOfPage":{"@id":"https:\/\/newafilm.net\/en\/kardes-turkuler-songs-of-fraternity\/#primaryimage"},"image":{"@id":"https:\/\/newafilm.net\/en\/kardes-turkuler-songs-of-fraternity\/#primaryimage"},"thumbnailUrl":"http:\/\/newafilm.net\/wp-content\/uploads\/2017\/06\/newa-film_kardes-tuerkueler_01.jpg","datePublished":"2017-06-25T13:22:21+00:00","dateModified":"2026-01-10T15:58:48+00:00","breadcrumb":{"@id":"https:\/\/newafilm.net\/en\/kardes-turkuler-songs-of-fraternity\/#breadcrumb"},"inLanguage":"en-GB","potentialAction":[{"@type":"ReadAction","target":["https:\/\/newafilm.net\/en\/kardes-turkuler-songs-of-fraternity\/"]}]},{"@type":"ImageObject","inLanguage":"en-GB","@id":"https:\/\/newafilm.net\/en\/kardes-turkuler-songs-of-fraternity\/#primaryimage","url":"http:\/\/newafilm.net\/wp-content\/uploads\/2017\/06\/newa-film_kardes-tuerkueler_01.jpg","contentUrl":"http:\/\/newafilm.net\/wp-content\/uploads\/2017\/06\/newa-film_kardes-tuerkueler_01.jpg"},{"@type":"BreadcrumbList","@id":"https:\/\/newafilm.net\/en\/kardes-turkuler-songs-of-fraternity\/#breadcrumb","itemListElement":[{"@type":"ListItem","position":1,"name":"Start","item":"https:\/\/newafilm.net\/en\/"},{"@type":"ListItem","position":2,"name":"Kardes T\u00fcrk\u00fcler \u2013 Songs of Fraternity"}]},{"@type":"WebSite","@id":"https:\/\/newafilm.net\/en\/#website","url":"https:\/\/newafilm.net\/en\/","name":"NEWA FILM","description":"english","potentialAction":[{"@type":"SearchAction","target":{"@type":"EntryPoint","urlTemplate":"https:\/\/newafilm.net\/en\/?s={search_term_string}"},"query-input":{"@type":"PropertyValueSpecification","valueRequired":true,"valueName":"search_term_string"}}],"inLanguage":"en-GB"}]}},"_links":{"self":[{"href":"https:\/\/newafilm.net\/en\/wp-json\/wp\/v2\/pages\/29","targetHints":{"allow":["GET"]}}],"collection":[{"href":"https:\/\/newafilm.net\/en\/wp-json\/wp\/v2\/pages"}],"about":[{"href":"https:\/\/newafilm.net\/en\/wp-json\/wp\/v2\/types\/page"}],"author":[{"embeddable":true,"href":"https:\/\/newafilm.net\/en\/wp-json\/wp\/v2\/users\/1"}],"replies":[{"embeddable":true,"href":"https:\/\/newafilm.net\/en\/wp-json\/wp\/v2\/comments?post=29"}],"version-history":[{"count":13,"href":"https:\/\/newafilm.net\/en\/wp-json\/wp\/v2\/pages\/29\/revisions"}],"predecessor-version":[{"id":512,"href":"https:\/\/newafilm.net\/en\/wp-json\/wp\/v2\/pages\/29\/revisions\/512"}],"wp:attachment":[{"href":"https:\/\/newafilm.net\/en\/wp-json\/wp\/v2\/media?parent=29"}],"curies":[{"name":"wp","href":"https:\/\/api.w.org\/{rel}","templated":true}]}}