{"id":45,"date":"2017-06-25T15:41:44","date_gmt":"2017-06-25T13:41:44","guid":{"rendered":"http:\/\/newafilm.net\/en\/?page_id=45"},"modified":"2023-02-07T11:59:12","modified_gmt":"2023-02-07T10:59:12","slug":"directors","status":"publish","type":"page","link":"https:\/\/newafilm.net\/en\/directors\/","title":{"rendered":"Directors"},"content":{"rendered":"<h1>Directors<\/h1>\n<p style=\"text-align: center;\"><a href=\"http:\/\/newafilm.net\/en\/yuksel-yavuz-director\/\"><img loading=\"lazy\" decoding=\"async\" class=\"aligncenter wp-image-184 size-full\" src=\"http:\/\/newafilm.net\/en\/wp-content\/uploads\/sites\/2\/2017\/06\/yueksel-yavuz.jpg\" alt=\"\" width=\"450\" height=\"253\" srcset=\"https:\/\/newafilm.net\/en\/wp-content\/uploads\/sites\/2\/2017\/06\/yueksel-yavuz.jpg 450w, https:\/\/newafilm.net\/en\/wp-content\/uploads\/sites\/2\/2017\/06\/yueksel-yavuz-300x169.jpg 300w\" sizes=\"auto, (max-width: 450px) 100vw, 450px\" \/>Y\u00fcksel Yavuz &#8211; more information<\/a><\/p>\n<p style=\"text-align: center;\"><a href=\"http:\/\/newafilm.net\/en\/kazim-oez-director\/\"><img loading=\"lazy\" decoding=\"async\" class=\"aligncenter wp-image-168 size-full\" src=\"http:\/\/newafilm.net\/en\/wp-content\/uploads\/sites\/2\/2017\/06\/kazim-oez.jpg\" alt=\"\" width=\"450\" height=\"253\" srcset=\"https:\/\/newafilm.net\/en\/wp-content\/uploads\/sites\/2\/2017\/06\/kazim-oez.jpg 450w, https:\/\/newafilm.net\/en\/wp-content\/uploads\/sites\/2\/2017\/06\/kazim-oez-300x169.jpg 300w\" sizes=\"auto, (max-width: 450px) 100vw, 450px\" \/>Kaz\u0131m \u00d6z &#8211; more information<\/a><\/p>\n<p style=\"text-align: center;\"><a href=\"http:\/\/newafilm.net\/en\/liliana-marinho-de-sousa-director\/\"><img loading=\"lazy\" decoding=\"async\" class=\"aligncenter wp-image-169 size-full\" src=\"http:\/\/newafilm.net\/en\/wp-content\/uploads\/sites\/2\/2017\/06\/liliana-marinho-de-sousa.jpg\" alt=\"\" width=\"450\" height=\"253\" srcset=\"https:\/\/newafilm.net\/en\/wp-content\/uploads\/sites\/2\/2017\/06\/liliana-marinho-de-sousa.jpg 450w, https:\/\/newafilm.net\/en\/wp-content\/uploads\/sites\/2\/2017\/06\/liliana-marinho-de-sousa-300x169.jpg 300w\" sizes=\"auto, (max-width: 450px) 100vw, 450px\" \/>Liliana Marinho de Sousa &#8211; more information<\/a><\/p>\n<p style=\"text-align: center;\"><a href=\"http:\/\/newafilm.net\/en\/cayan-demirel-director\/\"><img loading=\"lazy\" decoding=\"async\" class=\"aligncenter wp-image-164 size-full\" src=\"http:\/\/newafilm.net\/en\/wp-content\/uploads\/sites\/2\/2017\/06\/cayan-demirel.jpg\" alt=\"\" width=\"450\" height=\"253\" srcset=\"https:\/\/newafilm.net\/en\/wp-content\/uploads\/sites\/2\/2017\/06\/cayan-demirel.jpg 450w, https:\/\/newafilm.net\/en\/wp-content\/uploads\/sites\/2\/2017\/06\/cayan-demirel-300x169.jpg 300w\" sizes=\"auto, (max-width: 450px) 100vw, 450px\" \/>\u00c7ayan Demirel &#8211; more information<\/a><\/p>\n<p style=\"text-align: center;\"><a href=\"http:\/\/newafilm.net\/en\/ferit-karahan-director\/\"><img loading=\"lazy\" decoding=\"async\" class=\"aligncenter wp-image-192 size-full\" src=\"http:\/\/newafilm.net\/en\/wp-content\/uploads\/sites\/2\/2017\/06\/Foto-Ferit-Karahanweb.jpg\" alt=\"\" width=\"450\" height=\"254\" srcset=\"https:\/\/newafilm.net\/en\/wp-content\/uploads\/sites\/2\/2017\/06\/Foto-Ferit-Karahanweb.jpg 450w, https:\/\/newafilm.net\/en\/wp-content\/uploads\/sites\/2\/2017\/06\/Foto-Ferit-Karahanweb-300x169.jpg 300w\" sizes=\"auto, (max-width: 450px) 100vw, 450px\" \/>Ferit-Karahan &#8211; more information<\/a><\/p>\n<p style=\"text-align: center;\"><a href=\"http:\/\/newafilm.net\/en\/shilan-saadi\/\"><img loading=\"lazy\" decoding=\"async\" class=\"aligncenter wp-image-192 size-full\" src=\"http:\/\/newafilm.net\/en\/wp-content\/uploads\/sites\/2\/2023\/02\/shilansaadi2.jpg\" alt=\"\" width=\"450\" height=\"254\" \/>Shilan Saadi &#8211; more information<\/a><\/p>\n<p style=\"text-align: center;\"><a href=\"http:\/\/newafilm.net\/en\/arin-inan-aslan\/\"><img loading=\"lazy\" decoding=\"async\" class=\"aligncenter wp-image-496 size-full\" src=\"http:\/\/newafilm.net\/en\/wp-content\/uploads\/sites\/2\/2023\/02\/Arin-Inan-Aslan.jpg\" alt=\"\" width=\"450\" height=\"253\" srcset=\"https:\/\/newafilm.net\/en\/wp-content\/uploads\/sites\/2\/2023\/02\/Arin-Inan-Aslan.jpg 450w, https:\/\/newafilm.net\/en\/wp-content\/uploads\/sites\/2\/2023\/02\/Arin-Inan-Aslan-300x169.jpg 300w\" sizes=\"auto, (max-width: 450px) 100vw, 450px\" \/>Arin Inan Aslan &#8211; more information<\/a><\/p>\n","protected":false},"excerpt":{"rendered":"<p>Directors Y\u00fcksel Yavuz &#8211; more information Kaz\u0131m \u00d6z &#8211; more information Liliana Marinho de Sousa &#8211; more information \u00c7ayan Demirel &#8211; more information Ferit-Karahan &#8211; more information Shilan Saadi &#8211; more information Arin Inan Aslan &#8211; more information<\/p>\n","protected":false},"author":1,"featured_media":0,"parent":0,"menu_order":0,"comment_status":"closed","ping_status":"closed","template":"","meta":{"footnotes":""},"class_list":["post-45","page","type-page","status-publish","hentry"],"yoast_head":"<!-- This site is optimized with the Yoast SEO plugin v26.8 - https:\/\/yoast.com\/product\/yoast-seo-wordpress\/ -->\n<title>Directors - NEWA FILM<\/title>\n<meta name=\"robots\" content=\"index, follow, max-snippet:-1, max-image-preview:large, max-video-preview:-1\" \/>\n<link rel=\"canonical\" href=\"https:\/\/newafilm.net\/en\/directors\/\" \/>\n<meta property=\"og:locale\" content=\"en_GB\" \/>\n<meta property=\"og:type\" content=\"article\" \/>\n<meta property=\"og:title\" content=\"Directors - NEWA FILM\" \/>\n<meta property=\"og:description\" content=\"Directors Y\u00fcksel Yavuz &#8211; more information Kaz\u0131m \u00d6z &#8211; more information Liliana Marinho de Sousa &#8211; more information \u00c7ayan Demirel &#8211; more information Ferit-Karahan &#8211; more information Shilan Saadi &#8211; more information Arin Inan Aslan &#8211; more information\" \/>\n<meta property=\"og:url\" content=\"https:\/\/newafilm.net\/en\/directors\/\" \/>\n<meta property=\"og:site_name\" content=\"NEWA FILM\" \/>\n<meta property=\"article:modified_time\" content=\"2023-02-07T10:59:12+00:00\" \/>\n<meta property=\"og:image\" content=\"https:\/\/newafilm.net\/en\/wp-content\/uploads\/sites\/2\/2017\/06\/yueksel-yavuz.jpg\" \/>\n\t<meta property=\"og:image:width\" content=\"450\" \/>\n\t<meta property=\"og:image:height\" content=\"253\" \/>\n\t<meta property=\"og:image:type\" content=\"image\/jpeg\" \/>\n<meta name=\"twitter:card\" content=\"summary_large_image\" \/>\n<script type=\"application\/ld+json\" class=\"yoast-schema-graph\">{\"@context\":\"https:\/\/schema.org\",\"@graph\":[{\"@type\":\"WebPage\",\"@id\":\"https:\/\/newafilm.net\/en\/directors\/\",\"url\":\"https:\/\/newafilm.net\/en\/directors\/\",\"name\":\"Directors - NEWA FILM\",\"isPartOf\":{\"@id\":\"https:\/\/newafilm.net\/en\/#website\"},\"primaryImageOfPage\":{\"@id\":\"https:\/\/newafilm.net\/en\/directors\/#primaryimage\"},\"image\":{\"@id\":\"https:\/\/newafilm.net\/en\/directors\/#primaryimage\"},\"thumbnailUrl\":\"http:\/\/newafilm.net\/en\/wp-content\/uploads\/sites\/2\/2017\/06\/yueksel-yavuz.jpg\",\"datePublished\":\"2017-06-25T13:41:44+00:00\",\"dateModified\":\"2023-02-07T10:59:12+00:00\",\"breadcrumb\":{\"@id\":\"https:\/\/newafilm.net\/en\/directors\/#breadcrumb\"},\"inLanguage\":\"en-GB\",\"potentialAction\":[{\"@type\":\"ReadAction\",\"target\":[\"https:\/\/newafilm.net\/en\/directors\/\"]}]},{\"@type\":\"ImageObject\",\"inLanguage\":\"en-GB\",\"@id\":\"https:\/\/newafilm.net\/en\/directors\/#primaryimage\",\"url\":\"https:\/\/newafilm.net\/en\/wp-content\/uploads\/sites\/2\/2017\/06\/yueksel-yavuz.jpg\",\"contentUrl\":\"https:\/\/newafilm.net\/en\/wp-content\/uploads\/sites\/2\/2017\/06\/yueksel-yavuz.jpg\",\"width\":450,\"height\":253},{\"@type\":\"BreadcrumbList\",\"@id\":\"https:\/\/newafilm.net\/en\/directors\/#breadcrumb\",\"itemListElement\":[{\"@type\":\"ListItem\",\"position\":1,\"name\":\"Start\",\"item\":\"https:\/\/newafilm.net\/en\/\"},{\"@type\":\"ListItem\",\"position\":2,\"name\":\"Directors\"}]},{\"@type\":\"WebSite\",\"@id\":\"https:\/\/newafilm.net\/en\/#website\",\"url\":\"https:\/\/newafilm.net\/en\/\",\"name\":\"NEWA FILM\",\"description\":\"english\",\"potentialAction\":[{\"@type\":\"SearchAction\",\"target\":{\"@type\":\"EntryPoint\",\"urlTemplate\":\"https:\/\/newafilm.net\/en\/?s={search_term_string}\"},\"query-input\":{\"@type\":\"PropertyValueSpecification\",\"valueRequired\":true,\"valueName\":\"search_term_string\"}}],\"inLanguage\":\"en-GB\"}]}<\/script>\n<!-- \/ Yoast SEO plugin. -->","yoast_head_json":{"title":"Directors - NEWA FILM","robots":{"index":"index","follow":"follow","max-snippet":"max-snippet:-1","max-image-preview":"max-image-preview:large","max-video-preview":"max-video-preview:-1"},"canonical":"https:\/\/newafilm.net\/en\/directors\/","og_locale":"en_GB","og_type":"article","og_title":"Directors - NEWA FILM","og_description":"Directors Y\u00fcksel Yavuz &#8211; more information Kaz\u0131m \u00d6z &#8211; more information Liliana Marinho de Sousa &#8211; more information \u00c7ayan Demirel &#8211; more information Ferit-Karahan &#8211; more information Shilan Saadi &#8211; more information Arin Inan Aslan &#8211; more information","og_url":"https:\/\/newafilm.net\/en\/directors\/","og_site_name":"NEWA FILM","article_modified_time":"2023-02-07T10:59:12+00:00","og_image":[{"width":450,"height":253,"url":"https:\/\/newafilm.net\/en\/wp-content\/uploads\/sites\/2\/2017\/06\/yueksel-yavuz.jpg","type":"image\/jpeg"}],"twitter_card":"summary_large_image","schema":{"@context":"https:\/\/schema.org","@graph":[{"@type":"WebPage","@id":"https:\/\/newafilm.net\/en\/directors\/","url":"https:\/\/newafilm.net\/en\/directors\/","name":"Directors - NEWA FILM","isPartOf":{"@id":"https:\/\/newafilm.net\/en\/#website"},"primaryImageOfPage":{"@id":"https:\/\/newafilm.net\/en\/directors\/#primaryimage"},"image":{"@id":"https:\/\/newafilm.net\/en\/directors\/#primaryimage"},"thumbnailUrl":"http:\/\/newafilm.net\/en\/wp-content\/uploads\/sites\/2\/2017\/06\/yueksel-yavuz.jpg","datePublished":"2017-06-25T13:41:44+00:00","dateModified":"2023-02-07T10:59:12+00:00","breadcrumb":{"@id":"https:\/\/newafilm.net\/en\/directors\/#breadcrumb"},"inLanguage":"en-GB","potentialAction":[{"@type":"ReadAction","target":["https:\/\/newafilm.net\/en\/directors\/"]}]},{"@type":"ImageObject","inLanguage":"en-GB","@id":"https:\/\/newafilm.net\/en\/directors\/#primaryimage","url":"https:\/\/newafilm.net\/en\/wp-content\/uploads\/sites\/2\/2017\/06\/yueksel-yavuz.jpg","contentUrl":"https:\/\/newafilm.net\/en\/wp-content\/uploads\/sites\/2\/2017\/06\/yueksel-yavuz.jpg","width":450,"height":253},{"@type":"BreadcrumbList","@id":"https:\/\/newafilm.net\/en\/directors\/#breadcrumb","itemListElement":[{"@type":"ListItem","position":1,"name":"Start","item":"https:\/\/newafilm.net\/en\/"},{"@type":"ListItem","position":2,"name":"Directors"}]},{"@type":"WebSite","@id":"https:\/\/newafilm.net\/en\/#website","url":"https:\/\/newafilm.net\/en\/","name":"NEWA FILM","description":"english","potentialAction":[{"@type":"SearchAction","target":{"@type":"EntryPoint","urlTemplate":"https:\/\/newafilm.net\/en\/?s={search_term_string}"},"query-input":{"@type":"PropertyValueSpecification","valueRequired":true,"valueName":"search_term_string"}}],"inLanguage":"en-GB"}]}},"_links":{"self":[{"href":"https:\/\/newafilm.net\/en\/wp-json\/wp\/v2\/pages\/45","targetHints":{"allow":["GET"]}}],"collection":[{"href":"https:\/\/newafilm.net\/en\/wp-json\/wp\/v2\/pages"}],"about":[{"href":"https:\/\/newafilm.net\/en\/wp-json\/wp\/v2\/types\/page"}],"author":[{"embeddable":true,"href":"https:\/\/newafilm.net\/en\/wp-json\/wp\/v2\/users\/1"}],"replies":[{"embeddable":true,"href":"https:\/\/newafilm.net\/en\/wp-json\/wp\/v2\/comments?post=45"}],"version-history":[{"count":6,"href":"https:\/\/newafilm.net\/en\/wp-json\/wp\/v2\/pages\/45\/revisions"}],"predecessor-version":[{"id":498,"href":"https:\/\/newafilm.net\/en\/wp-json\/wp\/v2\/pages\/45\/revisions\/498"}],"wp:attachment":[{"href":"https:\/\/newafilm.net\/en\/wp-json\/wp\/v2\/media?parent=45"}],"curies":[{"name":"wp","href":"https:\/\/api.w.org\/{rel}","templated":true}]}}